{"id":678,"date":"2024-10-14T15:00:39","date_gmt":"2024-10-14T15:00:39","guid":{"rendered":"https:\/\/captainsbet.biz\/sample-page\/"},"modified":"2025-06-03T10:10:55","modified_gmt":"2025-06-03T10:10:55","slug":"sample-page","status":"publish","type":"page","link":"https:\/\/captainsbet.biz\/fr\/","title":{"rendered":"Sample Page"},"content":{"rendered":"<div style=\"width: 90%; max-width: 1000px; margin: 30px auto; padding: 25px; border: 3px solid #00bfa5; background-color: #092025; color: #ffffff; font-family: Arial, sans-serif; box-shadow: 0px 0px 10px #00bfa5; border-radius: 10px;\">\n<h1>CaptainsBet &ndash; profitez de la meilleure plateforme de paris s&eacute;curis&eacute;s au S&eacute;n&eacute;gal<\/h1>\n    \r\n    <style>\r\n        .wpj-jtoc.--jtoc-theme-basic-light.--jtoc-has-custom-styles {\r\n        --jtoc-numeration-suffix: \". \";\n        }    <\/style>\r\n\r\n\r\n\r\n<div id=\"wpj-jtoc\" class=\"wpj-jtoc wpj-jtoc--main --jtoc-the-content --jtoc-theme-basic-light --jtoc-title-align-left --jtoc-toggle-icon --jtoc-toggle-position-right --jtoc-toggle-1 --jtoc-has-numeration --jtoc-has-custom-styles --jtoc-is-unfolded\" >\r\n    \r\n    <!-- TOC -->\r\n    <div class=\"wpj-jtoc--toc \" >\r\n                            <div class=\"wpj-jtoc--header\">\r\n                <div class=\"wpj-jtoc--header-main\">\r\n                                        <div class=\"wpj-jtoc--title\">\r\n                                                <span class=\"wpj-jtoc--title-label\">Table of contents<\/span>\r\n                    <\/div>\r\n                                                                <div class=\"wpj-jtoc--toggle-wrap\">\r\n                                                                                                                    <div class=\"wpj-jtoc--toggle-box\">\r\n                                    <div class=\"wpj-jtoc--toggle\"><\/div>\r\n                                <\/div>\r\n                                                    <\/div>\r\n                                    <\/div>\r\n            <\/div>\r\n                        <div class=\"wpj-jtoc--body\">\r\n                        <nav class=\"wpj-jtoc--nav\">\r\n                <ol class=\"wpj-jtoc--items\"><li class=\"wpj-jtoc--item --jtoc-h2\">\r\n        <div class=\"wpj-jtoc--item-content\" data-depth=\"2\">\r\n                        <a href=\"#offres-de-paris-sportifs-en-ligne-sur-captainsbet\" title=\"Offres de paris sportifs en ligne sur CaptainsBet\" data-numeration=\"1\" >Offres de paris sportifs en ligne sur CaptainsBet<\/a>\r\n                    <\/div> <ol class=\"wpj-jtoc--items\"><li class=\"wpj-jtoc--item --jtoc-h3\">\r\n        <div class=\"wpj-jtoc--item-content\" data-depth=\"3\">\r\n                        <a href=\"#options-de-paris-en-direct\" title=\"Options de paris en direct\" data-numeration=\"1.1\" >Options de paris en direct<\/a>\r\n                    <\/div> <\/li><li class=\"wpj-jtoc--item --jtoc-h3\">\r\n        <div class=\"wpj-jtoc--item-content\" data-depth=\"3\">\r\n                        <a href=\"#telechargement-de-captainsbet-app-et-version-mobile\" title=\"T\u00e9l\u00e9chargement de CaptainsBet app et version mobile\" data-numeration=\"1.2\" >T\u00e9l\u00e9chargement de CaptainsBet app et version mobile<\/a>\r\n                    <\/div> <\/li><\/ol><\/li><li class=\"wpj-jtoc--item --jtoc-h2\">\r\n        <div class=\"wpj-jtoc--item-content\" data-depth=\"2\">\r\n                        <a href=\"#enregistrement-facile-sur-captainsbet\" title=\"Enregistrement facile sur CaptainsBet\" data-numeration=\"2\" >Enregistrement facile sur CaptainsBet<\/a>\r\n                    <\/div> <ol class=\"wpj-jtoc--items\"><li class=\"wpj-jtoc--item --jtoc-h3\">\r\n        <div class=\"wpj-jtoc--item-content\" data-depth=\"3\">\r\n                        <a href=\"#bonus-de-bienvenue-offert\" title=\"Bonus de bienvenue offert\" data-numeration=\"2.1\" >Bonus de bienvenue offert<\/a>\r\n                    <\/div> <\/li><li class=\"wpj-jtoc--item --jtoc-h3\">\r\n        <div class=\"wpj-jtoc--item-content\" data-depth=\"3\">\r\n                        <a href=\"#connexion-au-site-captainsbet-login\" title=\"Connexion au site : CaptainsBet login\" data-numeration=\"2.2\" >Connexion au site : CaptainsBet login<\/a>\r\n                    <\/div> <\/li><\/ol><\/li><li class=\"wpj-jtoc--item --jtoc-h2\">\r\n        <div class=\"wpj-jtoc--item-content\" data-depth=\"2\">\r\n                        <a href=\"#jeux-disponibles-sur-le-site-de-casino\" title=\"Jeux disponibles sur le site de casino\" data-numeration=\"3\" >Jeux disponibles sur le site de casino<\/a>\r\n                    <\/div> <ol class=\"wpj-jtoc--items\"><li class=\"wpj-jtoc--item --jtoc-h3\">\r\n        <div class=\"wpj-jtoc--item-content\" data-depth=\"3\">\r\n                        <a href=\"#promotions-de-casino-en-cours\" title=\"Promotions de casino en cours\" data-numeration=\"3.1\" >Promotions de casino en cours<\/a>\r\n                    <\/div> <\/li><\/ol><\/li><li class=\"wpj-jtoc--item --jtoc-h2\">\r\n        <div class=\"wpj-jtoc--item-content\" data-depth=\"2\">\r\n                        <a href=\"#site-de-paris-avec-depot-instantane\" title=\"Site de paris avec d\u00e9p\u00f4t instantan\u00e9\" data-numeration=\"4\" >Site de paris avec d\u00e9p\u00f4t instantan\u00e9<\/a>\r\n                    <\/div> <\/li><li class=\"wpj-jtoc--item --jtoc-h2\">\r\n        <div class=\"wpj-jtoc--item-content\" data-depth=\"2\">\r\n                        <a href=\"#plusieurs-methodes-de-paiements-securises-disponibles\" title=\"Plusieurs m\u00e9thodes de paiements s\u00e9curis\u00e9s disponibles\" data-numeration=\"5\" >Plusieurs m\u00e9thodes de paiements s\u00e9curis\u00e9s disponibles<\/a>\r\n                    <\/div> <\/li><li class=\"wpj-jtoc--item --jtoc-h2\">\r\n        <div class=\"wpj-jtoc--item-content\" data-depth=\"2\">\r\n                        <a href=\"#profitez-des-paiements-rapides-24-7-sur-captainsbet\" title=\"Profitez des paiements rapides 24\/7 sur CaptainsBet\" data-numeration=\"6\" >Profitez des paiements rapides 24\/7 sur CaptainsBet<\/a>\r\n                    <\/div> <ol class=\"wpj-jtoc--items\"><li class=\"wpj-jtoc--item --jtoc-h3\">\r\n        <div class=\"wpj-jtoc--item-content\" data-depth=\"3\">\r\n                        <a href=\"#un-site-de-confiance-pour-paris-sportifs-et-un-casino-fiable\" title=\"Un site de confiance pour paris sportifs et un casino fiable\" data-numeration=\"6.1\" >Un site de confiance pour paris sportifs et un casino fiable<\/a>\r\n                    <\/div> <\/li><li class=\"wpj-jtoc--item --jtoc-h3\">\r\n        <div class=\"wpj-jtoc--item-content\" data-depth=\"3\">\r\n                        <a href=\"#service-clientele-disponible-24-7\" title=\"Service client\u00e8le disponible 24\/7\" data-numeration=\"6.2\" >Service client\u00e8le disponible 24\/7<\/a>\r\n                    <\/div> <\/li><li class=\"wpj-jtoc--item --jtoc-h3\">\r\n        <div class=\"wpj-jtoc--item-content\" data-depth=\"3\">\r\n                        <a href=\"#promotion-du-jeu-responsable\" title=\"Promotion du jeu responsable\" data-numeration=\"6.3\" >Promotion du jeu responsable<\/a>\r\n                    <\/div> <\/li><\/ol><\/li><li class=\"wpj-jtoc--item --jtoc-h2\">\r\n        <div class=\"wpj-jtoc--item-content\" data-depth=\"2\">\r\n                        <a href=\"#captainsbet-senegal-avis-des-utilisateurs-2025\" title=\"\ud83d\udde3\ufe0f CaptainsBet S\u00e9n\u00e9gal \u2013 Avis des Utilisateurs 2025\" data-numeration=\"7\" >\ud83d\udde3\ufe0f CaptainsBet S\u00e9n\u00e9gal \u2013 Avis des Utilisateurs 2025<\/a>\r\n                    <\/div> <\/li><\/ol>            <\/nav>\r\n                                <\/div>\r\n            <\/div>\r\n<\/div>\r\n\n<p>Notre site de paris sportifs et de jeux de casino offre aux parieurs s&eacute;n&eacute;galais un moyen pratique et simple de jouer en ligne. Nous d&eacute;tenons une licence du Cura&ccedil;ao et poss&eacute;dons plusieurs atouts qui en font l&rsquo;un des meilleurs sites internationaux sur le territoire. Nous vous proposons de d&eacute;couvrir, dans le tableau ci-dessous, les informations g&eacute;n&eacute;rales de CaptainsBet.<\/p>\n<table width=\"602\">\n<tbody>\n<tr>\n<td width=\"301\">Licence<\/td>\n<td width=\"301\">Cura&ccedil;ao<\/td>\n<\/tr>\n<tr>\n<td width=\"301\">Types de jeux de casino<\/td>\n<td width=\"301\">Machines &agrave; sous, jeux de table, casino en direct, jeux Crash<\/td>\n<\/tr>\n<tr>\n<td width=\"301\">Sports disponibles<\/td>\n<td width=\"301\">Football, Tennis, Basket-ball, Cricket, Volley-ball, Hockey sur glace, Tennis de table<\/td>\n<\/tr>\n<tr>\n<td width=\"301\">March&eacute;s de paris<\/td>\n<td width=\"301\">Avant-match, paris en direct, cr&eacute;ateur de paris, meilleures cotes<\/td>\n<\/tr>\n<tr>\n<td width=\"301\">Application mobile<\/td>\n<td width=\"301\">Android<\/td>\n<\/tr>\n<tr>\n<td width=\"301\">M&eacute;thodes de paiement<\/td>\n<td width=\"301\">MTN Mobile Money, Orange Money, Visa, Mastercard, Crypto (BTC)<\/td>\n<\/tr>\n<tr>\n<td width=\"301\">Bonus<\/td>\n<td width=\"301\">Bonus de bienvenue, tours gratuits, bonus de d&eacute;p&ocirc;t<\/td>\n<\/tr>\n<tr>\n<td width=\"301\">S&eacute;curit&eacute;<\/td>\n<td width=\"301\">Cryptage SSL<\/td>\n<\/tr>\n<tr>\n<td width=\"301\">Service client<\/td>\n<td width=\"301\">Chat en direct et e-mail 24h\/24 et 7j\/7<\/td>\n<\/tr>\n<\/tbody>\n<\/table>\n<p><\/p><center><a class=\"btn-yellow\" href=\"https:\/\/bit.ly\/40s9Qz7\" target=\"_self\">Play now<i class=\"fas fa-angle-right\"><\/i><\/a><\/center>\n<div style=\"width: 90%; max-width: 1000px; margin: 30px auto; padding: 25px; border: 3px solid #00bfa5; background-color: #092025; color: #ffffff; font-family: Arial, sans-serif; box-shadow: 0px 0px 10px #00bfa5; border-radius: 10px;\">\n<h2 id=\"offres-de-paris-sportifs-en-ligne-sur-captainsbet\" class=\"joli-heading jtoc-heading\">Offres de paris sportifs en ligne sur CaptainsBet<\/h2>\n<p>Nous proposons aux passionn&eacute;s de sports s&eacute;n&eacute;galais des paris en ligne sur plus de 40 disciplines sportives, y compris les sports &eacute;lectroniques.<\/p>\n<p>En plus des paris sur le football, d&eacute;couvrez les caract&eacute;ristiques de nos sports et de nos options de paris phares.<\/p>\n<table width=\"602\">\n<tbody>\n<tr>\n<td width=\"201\">Sports<\/td>\n<td width=\"201\">March&eacute;s disponibles<\/td>\n<td width=\"201\">Fonctionnalit&eacute;s sp&eacute;ciales pour jouer<\/td>\n<\/tr>\n<tr>\n<td width=\"201\">Football<\/td>\n<td width=\"201\">R&eacute;sultat du match, Plus\/Moins, Handicaps, Les deux &eacute;quipes marquent<\/td>\n<td width=\"201\">G&eacute;n&eacute;rateur de paris, retrait, statistiques en direct<\/td>\n<\/tr>\n<tr>\n<td width=\"201\">Basket-ball<\/td>\n<td width=\"201\">Total des points, r&eacute;partition, offres sp&eacute;ciales pour les joueurs<\/td>\n<td width=\"201\">Paris en direct, augmentation des cotes<\/td>\n<\/tr>\n<tr>\n<td width=\"201\">Tennis<\/td>\n<td width=\"201\">Vainqueur du match, Nombre total de sets, Score exact<\/td>\n<td width=\"201\">Paris en direct, cotes set par set<\/td>\n<\/tr>\n<tr>\n<td width=\"201\">Hockey sur glace<\/td>\n<td width=\"201\">Money Line, Plus\/Moins, Gagnant de la p&eacute;riode<\/td>\n<td width=\"201\">Diffusion en direct, mises &agrave; jour instantan&eacute;es<\/td>\n<\/tr>\n<\/tbody>\n<\/table>\n<p>Pour les paris e-sport, nous vous proposons les disciplines suivantes :<\/p>\n<ul>\n<li>E-Basketball<\/li>\n<li>E-Football<\/li>\n<li>E-IceHockey<\/li>\n<li>Les courses hippiques<\/li>\n<\/ul>\n<p>Nous vous offrons les meilleures cotes pour parier, quelle que soit la discipline de votre choix.<\/p>\n<h3 id=\"options-de-paris-en-direct\" class=\"joli-heading jtoc-heading\">Options de paris en direct<\/h3>\n<p>Avec CaptainsBet, vous pouvez aussi parier en direct sur les sports tels que le football, le hockey sur glace, le tennis et autres. Rendez-vous dans notre section &laquo; Live &raquo; pour trouver tous les &eacute;v&eacute;nements en cours. Par ailleurs, nous vous offrons la possibilit&eacute; de suivre certains matchs en direct gr&acirc;ce &agrave; l&rsquo;option de streaming en direct.<\/p>\n<h3 id=\"telechargement-de-captainsbet-app-et-version-mobile\" class=\"joli-heading jtoc-heading\">T&eacute;l&eacute;chargement de CaptainsBet app et version mobile<\/h3>\n<p>Nous avons con&ccedil;u CaptainsBet app pour les joueurs mobiles. Cette application a une taille de 100 Mo environ et sera bient&ocirc;t disponible en t&eacute;l&eacute;chargement et au format APK.<\/p>\n<p>En attendant, notre site web est optimis&eacute; pour vous permettre d&rsquo;acc&eacute;der facilement aux paris sportifs, aux options de paris en direct et aux diff&eacute;rents jeux du casino sans avoir &agrave; appuyer sur un bouton CaptainsBet app download.<\/p>\n<h2 id=\"enregistrement-facile-sur-captainsbet\" class=\"joli-heading jtoc-heading\">Enregistrement facile sur CaptainsBet<\/h2>\n<p>La proc&eacute;dure d&rsquo;inscription sur CaptainsBet est assez simple.<\/p>\n<ol>\n<li>Ouvrez le site de paris.<\/li>\n<li>Cliquez sur &laquo; S&rsquo;inscrire &raquo;.<\/li>\n<li>Remplissez le formulaire.<\/li>\n<li>Entrez le code envoy&eacute; &agrave; votre num&eacute;ro de t&eacute;l&eacute;phone pour une v&eacute;rification rapide.<\/li>\n<li>Appuyez sur &laquo; Suivant &raquo;.<\/li>\n<\/ol>\n<p>Approvisionnez votre compte d&rsquo;un montant minimum de 500 XOF pour r&eacute;clamer votre bonus de bienvenue.<\/p>\n<h3 id=\"bonus-de-bienvenue-offert\" class=\"joli-heading jtoc-heading\">Bonus de bienvenue offert<\/h3>\n<p>Les nouveaux joueurs inscrits sur notre plateforme re&ccedil;oivent un bonus de d&eacute;p&ocirc;t jusqu&rsquo;&agrave; 20 % sur leur premi&egrave;re recharge en guise de bonus de bienvenue. Le montant du bonus varie comme suit :<\/p>\n<ul>\n<li>500 &ndash; 5 000 XOF : bonus de 10 % jusqu&rsquo;&agrave; 500 XOF<\/li>\n<li>5 000 &ndash; 15 000 XOF : bonus de 15 % jusqu&rsquo;&agrave; 2 500 XOF<\/li>\n<li>15 000 &ndash; 5 000 000 XOF : bonus de 20 % jusqu&rsquo;&agrave; 5 000 XOF<\/li>\n<\/ul>\n<p>Le bonus doit &ecirc;tre jou&eacute; sur un pari simple ou multiple avec des cotes de 1,5 ou plus, avec un minimum de 3 matchs. Pour retirer vos gains, vous devrez compl&eacute;ter un turnover de mise de 5x.<\/p>\n<h3 id=\"connexion-au-site-captainsbet-login\" class=\"joli-heading jtoc-heading\">Connexion au site : CaptainsBet login<\/h3>\n<p>Le processus de connexion sur CaptainsBet suit les &eacute;tapes suivantes :<\/p>\n<ol>\n<li>Allez sur le site officiel CaptainsBet.<\/li>\n<li>Cliquez sur &laquo; Connexion &raquo;.<\/li>\n<li>Entrez votre num&eacute;ro de t&eacute;l&eacute;phone et votre mot de passe.<\/li>\n<li>Cliquez sur &laquo; Connexion &raquo;.<\/li>\n<\/ol>\n<p>En cas d&rsquo;oubli ou de perte de vos identifiants CaptainsBet login, cliquez sur &laquo; Mot de passe oubli&eacute; &raquo; ou contactez le support client.<\/p>\n<h2 id=\"jeux-disponibles-sur-le-site-de-casino\" class=\"joli-heading jtoc-heading\">Jeux disponibles sur le site de casino<\/h2>\n<p>Notre collection de jeux regroupe divers types de jeux.<\/p>\n<ul>\n<li>Machines &agrave; sous<\/li>\n<li>Jeux de table<\/li>\n<li>Jeux du casino en direct<\/li>\n<li>Crash Games<\/li>\n<li>Loterie et gain instantan&eacute;<\/li>\n<\/ul>\n<p>Le site de poker, site de blackjack, site de roulette avec des jeux diffus&eacute;s en temps r&eacute;el et anim&eacute;s par des croupiers professionnels n&rsquo;est accessible qu&rsquo;en argent r&eacute;el.<\/p>\n<h3 id=\"promotions-de-casino-en-cours\" class=\"joli-heading jtoc-heading\">Promotions de casino en cours<\/h3>\n<p>Nous vous offrons plusieurs promotions pour jouer. Du lundi au vendredi, effectuez un d&eacute;p&ocirc;t d&rsquo;au moins 3 500 XOF et recevez un bonus en argent suppl&eacute;mentaire. Les promotions de paris doivent &ecirc;tre activ&eacute;es dans la section &laquo; Offres &raquo; et les bonus doivent &ecirc;tre jou&eacute;s au moins 5 fois.<\/p>\n<h2 id=\"site-de-paris-avec-depot-instantane\" class=\"joli-heading jtoc-heading\">Site de paris avec d&eacute;p&ocirc;t instantan&eacute;<\/h2>\n<p>Nous sommes associ&eacute;s &agrave; des m&eacute;thodes de paiement s&eacute;curis&eacute;es telles que Orange Money garantissant des d&eacute;p&ocirc;ts instantan&eacute;s sur notre plateforme. Ainsi, tous les parieurs s&eacute;n&eacute;galais ont la possibilit&eacute; d&rsquo;effectuer des op&eacute;rations financi&egrave;res en toute fiabilit&eacute; et rapidit&eacute;.<\/p>\n<h2 id=\"plusieurs-methodes-de-paiements-securises-disponibles\" class=\"joli-heading jtoc-heading\">Plusieurs m&eacute;thodes de paiements s&eacute;curis&eacute;s disponibles<\/h2>\n<p>Pour effectuer une op&eacute;ration de d&eacute;p&ocirc;t ou de retrait, vous pouvez choisir parmi les options suivantes :<\/p>\n<ul>\n<li>les cartes bancaires populaires comme Visa, Mastercard.<\/li>\n<li>les options de paiement mobile : Orange Money, MTN mobile Money, M-Pesa.<\/li>\n<li>les portefeuilles &eacute;lectroniques : Neteller.<\/li>\n<li>les cryptomonnaies : le Bitcoin.<\/li>\n<\/ul>\n<h2 id=\"profitez-des-paiements-rapides-24-7-sur-captainsbet\" class=\"joli-heading jtoc-heading\">Profitez des paiements rapides 24\/7 sur CaptainsBet<\/h2>\n<p>Nous mettons un point d&rsquo;honneur &agrave; traiter toutes les demandes de retrait dans un d&eacute;lai de 24 heures suivant leur &eacute;mission. Toutefois, le transfert effectif des fonds peut prendre quelques jours selon le mode de paiement utilis&eacute;.<\/p>\n<h3 id=\"un-site-de-confiance-pour-paris-sportifs-et-un-casino-fiable\" class=\"joli-heading jtoc-heading\">Un site de confiance pour paris sportifs et un casino fiable<\/h3>\n<p>Nous exploitons les jeux en ligne en vertu d&rsquo;une licence valide obtenue de la commission de l&rsquo;&Eacute;tat du Cura&ccedil;ao. Par ailleurs, pour assurer la s&eacute;curit&eacute; des donn&eacute;es de nos utilisateurs, nous utilisons le dernier logiciel de cryptage SSL 128 bits.<\/p>\n<h3 id=\"service-clientele-disponible-24-7\" class=\"joli-heading jtoc-heading\">Service client&egrave;le disponible 24\/7<\/h3>\n<p>Notre service d&rsquo;assistance aux joueurs est disponible 24h\/24 et 7j\/7. Vous pouvez nous joindre par e-mail ou par chat en direct. Ce canal vous permet d&rsquo;obtenir une r&eacute;ponse en quelques minutes.<\/p>\n<h3 id=\"promotion-du-jeu-responsable\" class=\"joli-heading jtoc-heading\">Promotion du jeu responsable<\/h3>\n<p>Nous nous engageons &agrave; promouvoir le jeu responsable. &Agrave; cet effet, nous :<\/p>\n<ul>\n<li>effectuons des contr&ocirc;les r&eacute;guliers de v&eacute;rification de l&rsquo;&acirc;ge des joueurs ;<\/li>\n<li>offrons des p&eacute;riodes d&rsquo;auto-exclusion d&rsquo;une dur&eacute;e minimale de six mois ;<\/li>\n<li>permettons aux joueurs de fixer des limites de mise.<\/li>\n<\/ul>\n<p>Chaque joueur a la possibilit&eacute; d&rsquo;entrer en contact avec notre service client&egrave;le pour d&eacute;finir ses limites.<\/p>\n<\/div>\n<p><\/p><center><a class=\"btn-yellow\" href=\"https:\/\/bit.ly\/40s9Qz7\" target=\"_self\">Play now<i class=\"fas fa-angle-right\"><\/i><\/a><\/center>&nbsp;\n<div style=\"width: 95%; max-width: 800px; margin: 30px auto; background-color: #092025; color: #fff; font-family: Arial, sans-serif; padding: 20px; border-radius: 10px;\">\n<h2 style=\"text-align: center; color: #ffcc00;\" id=\"captainsbet-senegal-avis-des-utilisateurs-2025\" class=\"joli-heading jtoc-heading\">&#128483;&#65039; CaptainsBet S&eacute;n&eacute;gal &ndash; Avis des Utilisateurs 2025<\/h2>\n<table style=\"width: 100%; border-collapse: collapse; margin-top: 20px;\">\n<thead style=\"background-color: #0d2e33; color: #ffcc00;\">\n<tr>\n<th style=\"padding: 10px; border: 1px solid #ffcc00;\">&#128100; Nom<\/th>\n<th style=\"padding: 10px; border: 1px solid #ffcc00;\">&#128205; Ville<\/th>\n<th style=\"padding: 10px; border: 1px solid #ffcc00;\">&#128197; Date<\/th>\n<th style=\"padding: 10px; border: 1px solid #ffcc00;\">&#128172; Avis<\/th>\n<\/tr>\n<\/thead>\n<tbody>\n<tr style=\"background-color: #10353c;\">\n<td style=\"padding: 10px; border: 1px solid #ffcc00;\">Mamadou Diop<\/td>\n<td style=\"padding: 10px; border: 1px solid #ffcc00;\">Dakar<\/td>\n<td style=\"padding: 10px; border: 1px solid #ffcc00;\">07 Jan 2025<\/td>\n<td style=\"padding: 10px; border: 1px solid #ffcc00;\">Retraits rapides et excellentes cotes sur les matchs de foot !<\/td>\n<\/tr>\n<tr style=\"background-color: #0d2e33;\">\n<td style=\"padding: 10px; border: 1px solid #ffcc00;\">A&iuml;ssatou Ndiaye<\/td>\n<td style=\"padding: 10px; border: 1px solid #ffcc00;\">Thi&egrave;s<\/td>\n<td style=\"padding: 10px; border: 1px solid #ffcc00;\">22 F&eacute;v 2025<\/td>\n<td style=\"padding: 10px; border: 1px solid #ffcc00;\">J&rsquo;adore les tables de casino en direct. L&rsquo;appli fonctionne super bien !<\/td>\n<\/tr>\n<tr style=\"background-color: #10353c;\">\n<td style=\"padding: 10px; border: 1px solid #ffcc00;\">Cheikh Ba<\/td>\n<td style=\"padding: 10px; border: 1px solid #ffcc00;\">Saint-Louis<\/td>\n<td style=\"padding: 10px; border: 1px solid #ffcc00;\">14 Mars 2025<\/td>\n<td style=\"padding: 10px; border: 1px solid #ffcc00;\">Tr&egrave;s bonne appli mobile et paiements faciles avec Orange Money. Bravo !<\/td>\n<\/tr>\n<\/tbody>\n<\/table>\n<\/div>\n<\/div>\n","protected":false},"excerpt":{"rendered":"<p>CaptainsBet &#8211; profitez de la meilleure plateforme de paris s\u00e9curis\u00e9s au S\u00e9n\u00e9gal Notre site de paris sportifs et de jeux de casino offre aux parieurs s\u00e9n\u00e9galais un moyen pratique et simple de jouer en ligne. Nous d\u00e9tenons une licence du Cura\u00e7ao et poss\u00e9dons plusieurs atouts qui en font l\u2019un des meilleurs sites internationaux sur le [&hellip;]<\/p>\n","protected":false},"author":1,"featured_media":0,"parent":0,"menu_order":0,"comment_status":"closed","ping_status":"open","template":"views\/page-home.php","meta":{"footnotes":""},"class_list":["post-678","page","type-page","status-publish","hentry"],"acf":[],"yoast_head":"<!-- This site is optimized with the Yoast SEO plugin v23.6 - https:\/\/yoast.com\/wordpress\/plugins\/seo\/ -->\n<title>CaptainsBet Login - Access Sports Betting &amp; Casino Anywhere<\/title>\n<meta name=\"description\" content=\"Log in to CaptainsBet and elevate your gaming experience. Download the app and bet on the go with top odds and casino games in Kenya.\" \/>\n<meta name=\"robots\" content=\"index, follow, max-snippet:-1, max-image-preview:large, max-video-preview:-1\" \/>\n<link rel=\"canonical\" href=\"https:\/\/captainsbet.biz\/fr\/\" \/>\n<meta property=\"og:locale\" content=\"fr_FR\" \/>\n<meta property=\"og:type\" content=\"article\" \/>\n<meta property=\"og:url\" content=\"https:\/\/captainsbet.biz\/fr\/\" \/>\n<meta property=\"og:site_name\" content=\"CapitannBet\" \/>\n<meta property=\"article:modified_time\" content=\"2025-06-03T10:10:55+00:00\" \/>\n<meta name=\"twitter:card\" content=\"summary_large_image\" \/>\n<meta name=\"twitter:label1\" content=\"Dur\u00e9e de lecture estim\u00e9e\" \/>\n\t<meta name=\"twitter:data1\" content=\"5 minutes\" \/>\n<script type=\"application\/ld+json\" class=\"yoast-schema-graph\">{\"@context\":\"https:\/\/schema.org\",\"@graph\":[{\"@type\":\"WebPage\",\"@id\":\"https:\/\/captainsbet.biz\/fr\/\",\"url\":\"https:\/\/captainsbet.biz\/fr\/\",\"name\":\"CaptainsBet Login - Access Sports Betting & Casino Anywhere\",\"isPartOf\":{\"@id\":\"https:\/\/captainsbet.biz\/#website\"},\"datePublished\":\"2024-10-14T15:00:39+00:00\",\"dateModified\":\"2025-06-03T10:10:55+00:00\",\"description\":\"Log in to CaptainsBet and elevate your gaming experience. Download the app and bet on the go with top odds and casino games in Kenya.\",\"breadcrumb\":{\"@id\":\"https:\/\/captainsbet.biz\/fr\/#breadcrumb\"},\"inLanguage\":\"fr-FR\",\"potentialAction\":[{\"@type\":\"ReadAction\",\"target\":[\"https:\/\/captainsbet.biz\/fr\/\"]}]},{\"@type\":\"BreadcrumbList\",\"@id\":\"https:\/\/captainsbet.biz\/fr\/#breadcrumb\",\"itemListElement\":[{\"@type\":\"ListItem\",\"position\":1,\"name\":\"Home\",\"item\":\"https:\/\/captainsbet.biz\/fr\/\"},{\"@type\":\"ListItem\",\"position\":2,\"name\":\"Sample Page\"}]},{\"@type\":\"WebSite\",\"@id\":\"https:\/\/captainsbet.biz\/#website\",\"url\":\"https:\/\/captainsbet.biz\/\",\"name\":\"CapitannBet\",\"description\":\"\",\"potentialAction\":[{\"@type\":\"SearchAction\",\"target\":{\"@type\":\"EntryPoint\",\"urlTemplate\":\"https:\/\/captainsbet.biz\/?s={search_term_string}\"},\"query-input\":{\"@type\":\"PropertyValueSpecification\",\"valueRequired\":true,\"valueName\":\"search_term_string\"}}],\"inLanguage\":\"fr-FR\"}]}<\/script>\n<!-- \/ Yoast SEO plugin. -->","yoast_head_json":{"title":"CaptainsBet Login - Access Sports Betting & Casino Anywhere","description":"Log in to CaptainsBet and elevate your gaming experience. Download the app and bet on the go with top odds and casino games in Kenya.","robots":{"index":"index","follow":"follow","max-snippet":"max-snippet:-1","max-image-preview":"max-image-preview:large","max-video-preview":"max-video-preview:-1"},"canonical":"https:\/\/captainsbet.biz\/fr\/","og_locale":"fr_FR","og_type":"article","og_url":"https:\/\/captainsbet.biz\/fr\/","og_site_name":"CapitannBet","article_modified_time":"2025-06-03T10:10:55+00:00","twitter_card":"summary_large_image","twitter_misc":{"Dur\u00e9e de lecture estim\u00e9e":"5 minutes"},"schema":{"@context":"https:\/\/schema.org","@graph":[{"@type":"WebPage","@id":"https:\/\/captainsbet.biz\/fr\/","url":"https:\/\/captainsbet.biz\/fr\/","name":"CaptainsBet Login - Access Sports Betting & Casino Anywhere","isPartOf":{"@id":"https:\/\/captainsbet.biz\/#website"},"datePublished":"2024-10-14T15:00:39+00:00","dateModified":"2025-06-03T10:10:55+00:00","description":"Log in to CaptainsBet and elevate your gaming experience. Download the app and bet on the go with top odds and casino games in Kenya.","breadcrumb":{"@id":"https:\/\/captainsbet.biz\/fr\/#breadcrumb"},"inLanguage":"fr-FR","potentialAction":[{"@type":"ReadAction","target":["https:\/\/captainsbet.biz\/fr\/"]}]},{"@type":"BreadcrumbList","@id":"https:\/\/captainsbet.biz\/fr\/#breadcrumb","itemListElement":[{"@type":"ListItem","position":1,"name":"Home","item":"https:\/\/captainsbet.biz\/fr\/"},{"@type":"ListItem","position":2,"name":"Sample Page"}]},{"@type":"WebSite","@id":"https:\/\/captainsbet.biz\/#website","url":"https:\/\/captainsbet.biz\/","name":"CapitannBet","description":"","potentialAction":[{"@type":"SearchAction","target":{"@type":"EntryPoint","urlTemplate":"https:\/\/captainsbet.biz\/?s={search_term_string}"},"query-input":{"@type":"PropertyValueSpecification","valueRequired":true,"valueName":"search_term_string"}}],"inLanguage":"fr-FR"}]}},"_links":{"self":[{"href":"https:\/\/captainsbet.biz\/fr\/wp-json\/wp\/v2\/pages\/678","targetHints":{"allow":["GET"]}}],"collection":[{"href":"https:\/\/captainsbet.biz\/fr\/wp-json\/wp\/v2\/pages"}],"about":[{"href":"https:\/\/captainsbet.biz\/fr\/wp-json\/wp\/v2\/types\/page"}],"author":[{"embeddable":true,"href":"https:\/\/captainsbet.biz\/fr\/wp-json\/wp\/v2\/users\/1"}],"replies":[{"embeddable":true,"href":"https:\/\/captainsbet.biz\/fr\/wp-json\/wp\/v2\/comments?post=678"}],"version-history":[{"count":3,"href":"https:\/\/captainsbet.biz\/fr\/wp-json\/wp\/v2\/pages\/678\/revisions"}],"predecessor-version":[{"id":681,"href":"https:\/\/captainsbet.biz\/fr\/wp-json\/wp\/v2\/pages\/678\/revisions\/681"}],"wp:attachment":[{"href":"https:\/\/captainsbet.biz\/fr\/wp-json\/wp\/v2\/media?parent=678"}],"curies":[{"name":"wp","href":"https:\/\/api.w.org\/{rel}","templated":true}]}}